{"id":1574,"date":"2022-01-25T11:52:09","date_gmt":"2022-01-25T11:52:09","guid":{"rendered":"https:\/\/kks-lu.de\/?page_id=1574"},"modified":"2026-02-06T14:26:52","modified_gmt":"2026-02-06T14:26:52","slug":"herkungssprachenunterricht","status":"publish","type":"page","link":"https:\/\/kks-lu.de\/?page_id=1574","title":{"rendered":"Herkunftssprachenunterricht"},"content":{"rendered":"<p>Liebe Eltern,<\/p>\n<p>auch im kommenden Schuljahr <strong>2026\/2027 <\/strong>wird den Sch\u00fclerinnen und Sch\u00fclern, die Interesse an ihrer Herkunftssprache (Muttersprache) haben, die M\u00f6glichkeit angeboten, am Herkunftssprachenunterricht (HSU) teilzunehmen.<\/p>\n<p>Hierzu muss Ihr Kind mit dem Anmeldeformular im Anhang angemeldet werden. Nimmt es bereits an diesem Unterricht teil, und m\u00f6chte es das auch im n\u00e4chsten Schuljahr, ben\u00f6tigen wir daf\u00fcr eine Best\u00e4tigung auf dem Anmeldeformular.<\/p>\n<h4>Hier finden Sie das Anmeldeformular f\u00fcr den Herkunftssprachenunterricht:<\/h4>\n<p><a href=\"https:\/\/kks-lu.de\/wp-content\/uploads\/2026\/02\/Anmeldeformular-HSU_2026-27.docx\">Anmeldeformular HSU_2026-27<\/a><\/p>\n","protected":false},"excerpt":{"rendered":"<p>Liebe Eltern, auch im kommenden Schuljahr 2026\/2027 wird den Sch\u00fclerinnen und Sch\u00fclern, die Interesse an ihrer Herkunftssprache (Muttersprache) haben, die M\u00f6glichkeit angeboten, am Herkunftssprachenunterricht (HSU) teilzunehmen. Hierzu muss Ihr Kind mit dem Anmeldeformular im Anhang angemeldet werden. Nimmt es bereits an diesem Unterricht teil, und m\u00f6chte es das auch im &#8230;<\/p>\n","protected":false},"author":1,"featured_media":0,"parent":0,"menu_order":0,"comment_status":"closed","ping_status":"closed","template":"","meta":{"footnotes":""},"class_list":["post-1574","page","type-page","status-publish","hentry"],"_links":{"self":[{"href":"https:\/\/kks-lu.de\/index.php?rest_route=\/wp\/v2\/pages\/1574","targetHints":{"allow":["GET"]}}],"collection":[{"href":"https:\/\/kks-lu.de\/index.php?rest_route=\/wp\/v2\/pages"}],"about":[{"href":"https:\/\/kks-lu.de\/index.php?rest_route=\/wp\/v2\/types\/page"}],"author":[{"embeddable":true,"href":"https:\/\/kks-lu.de\/index.php?rest_route=\/wp\/v2\/users\/1"}],"replies":[{"embeddable":true,"href":"https:\/\/kks-lu.de\/index.php?rest_route=%2Fwp%2Fv2%2Fcomments&post=1574"}],"version-history":[{"count":9,"href":"https:\/\/kks-lu.de\/index.php?rest_route=\/wp\/v2\/pages\/1574\/revisions"}],"predecessor-version":[{"id":2142,"href":"https:\/\/kks-lu.de\/index.php?rest_route=\/wp\/v2\/pages\/1574\/revisions\/2142"}],"wp:attachment":[{"href":"https:\/\/kks-lu.de\/index.php?rest_route=%2Fwp%2Fv2%2Fmedia&parent=1574"}],"curies":[{"name":"wp","href":"https:\/\/api.w.org\/{rel}","templated":true}]}}