{"id":170,"date":"2016-01-28T14:03:51","date_gmt":"2016-01-28T14:03:51","guid":{"rendered":"https:\/\/kks-lu.de\/?page_id=170"},"modified":"2019-09-11T15:53:30","modified_gmt":"2019-09-11T15:53:30","slug":"oeffnungszeiten-des-sekreteriats","status":"publish","type":"page","link":"https:\/\/kks-lu.de\/?page_id=170","title":{"rendered":"\u00d6ffnungszeiten des Sekretariats"},"content":{"rendered":"<p>Das Sekretariat\u00a0ist<\/p>\n<p>montags, dienstags und donnerstags<\/p>\n<p>von 9:00 bis 12.30 Uhr<\/p>\n<p>f\u00fcr Sie ge\u00f6ffnet. Unsere Sekret\u00e4rin nimmt Ihre Anfragen gerne entgegen. Sie k\u00f6nnen uns auch gerne unter info@kks-lu.de per Email kontaktieren.<\/p>\n<p>Karl-Kreuter-Schule<br \/>\nAm Br\u00fcckelgraben 91<br \/>\n67071 Ludwigshafen<br \/>\nTel.: 0621\/504-422510<br \/>\nFax: 0621\/504-422598<br \/>\nMail: info@kks-lu.de<\/p>\n","protected":false},"excerpt":{"rendered":"<p>Das Sekretariat\u00a0ist montags, dienstags und donnerstags von 9:00 bis 12.30 Uhr f\u00fcr Sie ge\u00f6ffnet. Unsere Sekret\u00e4rin nimmt Ihre Anfragen gerne entgegen. Sie k\u00f6nnen uns auch gerne unter info@kks-lu.de per Email kontaktieren. Karl-Kreuter-Schule Am Br\u00fcckelgraben 91 67071 Ludwigshafen Tel.: 0621\/504-422510 Fax: 0621\/504-422598 Mail: info@kks-lu.de<\/p>\n","protected":false},"author":1,"featured_media":0,"parent":0,"menu_order":0,"comment_status":"closed","ping_status":"closed","template":"","meta":{"footnotes":""},"class_list":["post-170","page","type-page","status-publish","hentry"],"_links":{"self":[{"href":"https:\/\/kks-lu.de\/index.php?rest_route=\/wp\/v2\/pages\/170","targetHints":{"allow":["GET"]}}],"collection":[{"href":"https:\/\/kks-lu.de\/index.php?rest_route=\/wp\/v2\/pages"}],"about":[{"href":"https:\/\/kks-lu.de\/index.php?rest_route=\/wp\/v2\/types\/page"}],"author":[{"embeddable":true,"href":"https:\/\/kks-lu.de\/index.php?rest_route=\/wp\/v2\/users\/1"}],"replies":[{"embeddable":true,"href":"https:\/\/kks-lu.de\/index.php?rest_route=%2Fwp%2Fv2%2Fcomments&post=170"}],"version-history":[{"count":4,"href":"https:\/\/kks-lu.de\/index.php?rest_route=\/wp\/v2\/pages\/170\/revisions"}],"predecessor-version":[{"id":1151,"href":"https:\/\/kks-lu.de\/index.php?rest_route=\/wp\/v2\/pages\/170\/revisions\/1151"}],"wp:attachment":[{"href":"https:\/\/kks-lu.de\/index.php?rest_route=%2Fwp%2Fv2%2Fmedia&parent=170"}],"curies":[{"name":"wp","href":"https:\/\/api.w.org\/{rel}","templated":true}]}}