{"id":2101,"date":"2025-10-29T05:40:02","date_gmt":"2025-10-29T05:40:02","guid":{"rendered":"https:\/\/kks-lu.de\/?page_id=2101"},"modified":"2025-10-29T05:40:06","modified_gmt":"2025-10-29T05:40:06","slug":"futbalo-girls","status":"publish","type":"page","link":"https:\/\/kks-lu.de\/?page_id=2101","title":{"rendered":"Futbalo-Girls"},"content":{"rendered":"<p><a href=\"https:\/\/kks-lu.de\/wp-content\/uploads\/2025\/10\/Futbalo-FG-Logo-farbig@3x-100.jpg\"><img loading=\"lazy\" decoding=\"async\" class=\"alignleft size-full wp-image-2102\" src=\"https:\/\/kks-lu.de\/wp-content\/uploads\/2025\/10\/Futbalo-FG-Logo-farbig@3x-100.jpg\" alt=\"\" width=\"1311\" height=\"437\" srcset=\"https:\/\/kks-lu.de\/wp-content\/uploads\/2025\/10\/Futbalo-FG-Logo-farbig@3x-100.jpg 1311w, https:\/\/kks-lu.de\/wp-content\/uploads\/2025\/10\/Futbalo-FG-Logo-farbig@3x-100-300x100.jpg 300w, https:\/\/kks-lu.de\/wp-content\/uploads\/2025\/10\/Futbalo-FG-Logo-farbig@3x-100-1024x341.jpg 1024w, https:\/\/kks-lu.de\/wp-content\/uploads\/2025\/10\/Futbalo-FG-Logo-farbig@3x-100-768x256.jpg 768w, https:\/\/kks-lu.de\/wp-content\/uploads\/2025\/10\/Futbalo-FG-Logo-farbig@3x-100-700x233.jpg 700w\" sizes=\"auto, (max-width: 1311px) 100vw, 1311px\" \/><\/a><\/p>\n<p>Bei uns findet aktuell ein besonderes Sportangebot statt: die Futbalo Girls Sessions.<\/p>\n<p>In diesen w\u00f6chentlichen Einheiten erleben M\u00e4dchen Fu\u00dfball einmal anders \u2013 spielerisch, kreativ und ohneLeistungsdruck. Sie probieren neue Spielformen aus, entwickeln eigene Ideen und wachsen gemeinsam als Team.<\/p>\n<p>Neben Sport und Bewegung stehen vor allem Selbstvertrauen, Gemeinschaft und Mitbestimmung im<br \/>\nMittelpunkt. Die M\u00e4dchen gestalten Teile der Stunde aktiv mit und reflektieren am Ende ihre Erlebnisse.<br \/>\nSo wird jedes Training zu einem gesch\u00fctzten Raum, in dem sie sich frei entfalten k\u00f6nnen.<\/p>\n<p>Getragen und umgesetzt wird das Programm vom Verein Integration durch Sport und Bildung e.V., der<br \/>\nbundesweit an mehreren Standorten aktiv ist. Ziel ist es, M\u00e4dchen durch Sport in ihrer pers\u00f6nlichen<br \/>\nEntwicklung zu unterst\u00fctzen und ihnen neue Perspektiven zu er\u00f6ffnen.<\/p>\n<p>Weitere Informationen zum Programm finden Sie unter \ud83d\udc49 www.futbalo-girls.info<\/p>\n<p><a href=\"https:\/\/kks-lu.de\/wp-content\/uploads\/2025\/10\/Futbalo-FG-Logo-farbig@3x-100.jpg\"><img loading=\"lazy\" decoding=\"async\" class=\"alignleft size-full wp-image-2102\" src=\"https:\/\/kks-lu.de\/wp-content\/uploads\/2025\/10\/Futbalo-FG-Logo-farbig@3x-100.jpg\" alt=\"\" width=\"1311\" height=\"437\" srcset=\"https:\/\/kks-lu.de\/wp-content\/uploads\/2025\/10\/Futbalo-FG-Logo-farbig@3x-100.jpg 1311w, https:\/\/kks-lu.de\/wp-content\/uploads\/2025\/10\/Futbalo-FG-Logo-farbig@3x-100-300x100.jpg 300w, https:\/\/kks-lu.de\/wp-content\/uploads\/2025\/10\/Futbalo-FG-Logo-farbig@3x-100-1024x341.jpg 1024w, https:\/\/kks-lu.de\/wp-content\/uploads\/2025\/10\/Futbalo-FG-Logo-farbig@3x-100-768x256.jpg 768w, https:\/\/kks-lu.de\/wp-content\/uploads\/2025\/10\/Futbalo-FG-Logo-farbig@3x-100-700x233.jpg 700w\" sizes=\"auto, (max-width: 1311px) 100vw, 1311px\" \/><\/a><\/p>\n","protected":false},"excerpt":{"rendered":"<p>Bei uns findet aktuell ein besonderes Sportangebot statt: die Futbalo Girls Sessions. In diesen w\u00f6chentlichen Einheiten erleben M\u00e4dchen Fu\u00dfball einmal anders \u2013 spielerisch, kreativ und ohneLeistungsdruck. Sie probieren neue Spielformen aus, entwickeln eigene Ideen und wachsen gemeinsam als Team. Neben Sport und Bewegung stehen vor allem Selbstvertrauen, Gemeinschaft und Mitbestimmung &#8230;<\/p>\n","protected":false},"author":1,"featured_media":0,"parent":0,"menu_order":0,"comment_status":"closed","ping_status":"closed","template":"","meta":{"footnotes":""},"class_list":["post-2101","page","type-page","status-publish","hentry"],"_links":{"self":[{"href":"https:\/\/kks-lu.de\/index.php?rest_route=\/wp\/v2\/pages\/2101","targetHints":{"allow":["GET"]}}],"collection":[{"href":"https:\/\/kks-lu.de\/index.php?rest_route=\/wp\/v2\/pages"}],"about":[{"href":"https:\/\/kks-lu.de\/index.php?rest_route=\/wp\/v2\/types\/page"}],"author":[{"embeddable":true,"href":"https:\/\/kks-lu.de\/index.php?rest_route=\/wp\/v2\/users\/1"}],"replies":[{"embeddable":true,"href":"https:\/\/kks-lu.de\/index.php?rest_route=%2Fwp%2Fv2%2Fcomments&post=2101"}],"version-history":[{"count":2,"href":"https:\/\/kks-lu.de\/index.php?rest_route=\/wp\/v2\/pages\/2101\/revisions"}],"predecessor-version":[{"id":2105,"href":"https:\/\/kks-lu.de\/index.php?rest_route=\/wp\/v2\/pages\/2101\/revisions\/2105"}],"wp:attachment":[{"href":"https:\/\/kks-lu.de\/index.php?rest_route=%2Fwp%2Fv2%2Fmedia&parent=2101"}],"curies":[{"name":"wp","href":"https:\/\/api.w.org\/{rel}","templated":true}]}}