{"id":4,"date":"2015-01-14T17:46:58","date_gmt":"2015-01-14T17:46:58","guid":{"rendered":"https:\/\/kks-lu.de\/?page_id=4"},"modified":"2025-10-29T05:51:33","modified_gmt":"2025-10-29T05:51:33","slug":"herzlich-willkommen","status":"publish","type":"page","link":"https:\/\/kks-lu.de\/","title":{"rendered":"Herzlich Willkommen&#8230;"},"content":{"rendered":"<p>&#8230;auf der Homepage der Karl-Kreuter-Grundschule in Ludwigshafen am Rhein. Wir m\u00f6chten Ihnen hier einen kleinen Eindruck von dem weitergeben, was unsere Schule pr\u00e4gt und ausmacht. Auch k\u00f6nnen Sie sich \u00fcber wichtige organisatorische Punkte informieren.<\/p>\n<p>\u00a0<\/p>\n\n\n<figure class=\"wp-block-image size-large\"><img loading=\"lazy\" decoding=\"async\" width=\"1024\" height=\"510\" src=\"https:\/\/kks-lu.de\/wp-content\/uploads\/2023\/08\/185_19_Logo_Digitalpakt_Schule_02-1024x510.jpg\" alt=\"\" class=\"wp-image-1798\" srcset=\"https:\/\/kks-lu.de\/wp-content\/uploads\/2023\/08\/185_19_Logo_Digitalpakt_Schule_02-1024x510.jpg 1024w, https:\/\/kks-lu.de\/wp-content\/uploads\/2023\/08\/185_19_Logo_Digitalpakt_Schule_02-300x149.jpg 300w, https:\/\/kks-lu.de\/wp-content\/uploads\/2023\/08\/185_19_Logo_Digitalpakt_Schule_02-768x382.jpg 768w, https:\/\/kks-lu.de\/wp-content\/uploads\/2023\/08\/185_19_Logo_Digitalpakt_Schule_02-700x349.jpg 700w, https:\/\/kks-lu.de\/wp-content\/uploads\/2023\/08\/185_19_Logo_Digitalpakt_Schule_02.jpg 1466w\" sizes=\"auto, (max-width: 1024px) 100vw, 1024px\" \/><\/figure>\n\n\n","protected":false},"excerpt":{"rendered":"<p>&#8230;auf der Homepage der Karl-Kreuter-Grundschule in Ludwigshafen am Rhein. Wir m\u00f6chten Ihnen hier einen kleinen Eindruck von dem weitergeben, was unsere Schule pr\u00e4gt und ausmacht. Auch k\u00f6nnen Sie sich \u00fcber wichtige organisatorische Punkte informieren. \u00a0<\/p>\n","protected":false},"author":1,"featured_media":0,"parent":0,"menu_order":0,"comment_status":"closed","ping_status":"closed","template":"","meta":{"footnotes":""},"class_list":["post-4","page","type-page","status-publish","hentry"],"_links":{"self":[{"href":"https:\/\/kks-lu.de\/index.php?rest_route=\/wp\/v2\/pages\/4","targetHints":{"allow":["GET"]}}],"collection":[{"href":"https:\/\/kks-lu.de\/index.php?rest_route=\/wp\/v2\/pages"}],"about":[{"href":"https:\/\/kks-lu.de\/index.php?rest_route=\/wp\/v2\/types\/page"}],"author":[{"embeddable":true,"href":"https:\/\/kks-lu.de\/index.php?rest_route=\/wp\/v2\/users\/1"}],"replies":[{"embeddable":true,"href":"https:\/\/kks-lu.de\/index.php?rest_route=%2Fwp%2Fv2%2Fcomments&post=4"}],"version-history":[{"count":87,"href":"https:\/\/kks-lu.de\/index.php?rest_route=\/wp\/v2\/pages\/4\/revisions"}],"predecessor-version":[{"id":2114,"href":"https:\/\/kks-lu.de\/index.php?rest_route=\/wp\/v2\/pages\/4\/revisions\/2114"}],"wp:attachment":[{"href":"https:\/\/kks-lu.de\/index.php?rest_route=%2Fwp%2Fv2%2Fmedia&parent=4"}],"curies":[{"name":"wp","href":"https:\/\/api.w.org\/{rel}","templated":true}]}}