{"id":85,"date":"2016-01-27T16:41:09","date_gmt":"2016-01-27T16:41:09","guid":{"rendered":"https:\/\/kks-lu.de\/?page_id=85"},"modified":"2025-12-01T10:53:42","modified_gmt":"2025-12-01T10:53:42","slug":"freunde-und-foerderer-2","status":"publish","type":"page","link":"https:\/\/kks-lu.de\/?page_id=85","title":{"rendered":"Freunde und F\u00f6rderer"},"content":{"rendered":"<p>Die Schule ist dankbar, dass das Lernen der Sch\u00fcler und Sch\u00fclerinnen durch den F\u00f6rderverein finanziell unterst\u00fctzt wird. Hier k\u00f6nnen Sie sich Informationen \u00fcber den F\u00f6rderverein einholen und einen Flyer runterladen.\u00a0<\/p>\n<p><a href=\"https:\/\/kks-lu.de\/wp-content\/uploads\/2016\/05\/KKS_F\u00f6rderverein_Flyer_v15.2-1.pdf\">KKS F\u00f6rderverein Flyer<\/a><\/p>\n<p>Hier finden Sie die aktuelle Satzung des F\u00f6rdervereins:<\/p>\n<a href=\"https:\/\/kks-lu.de\/wp-content\/uploads\/2025\/12\/Satzung-Foerderverein.pdf\" class=\"pdfemb-viewer\" style=\"\" data-width=\"max\" data-height=\"max\" data-toolbar=\"bottom\" data-toolbar-fixed=\"off\">Satzung F\u00f6rderverein<\/a>\n<p>\u00a0<\/p>\n\n\n<p>Die Bankverbindung des F\u00f6rdervereins der Karl-Kreuter-Schule lautet:<\/p>\n\n\n\n<p>Freunde und F\u00f6rderer der Karl-Kreuter-Grundschule<\/p>\n\n\n\n<p>ISBN : DE25 5455 0010 0001 7964 81<\/p>\n\n\n\n<p>BIC: LUHSDE6AXXX<\/p>\n","protected":false},"excerpt":{"rendered":"<p>Die Schule ist dankbar, dass das Lernen der Sch\u00fcler und Sch\u00fclerinnen durch den F\u00f6rderverein finanziell unterst\u00fctzt wird. Hier k\u00f6nnen Sie sich Informationen \u00fcber den F\u00f6rderverein einholen und einen Flyer runterladen.\u00a0 KKS F\u00f6rderverein Flyer Hier finden Sie die aktuelle Satzung des F\u00f6rdervereins: \u00a0 Die Bankverbindung des F\u00f6rdervereins der Karl-Kreuter-Schule lautet: Freunde &#8230;<\/p>\n","protected":false},"author":1,"featured_media":0,"parent":0,"menu_order":0,"comment_status":"closed","ping_status":"closed","template":"","meta":{"footnotes":""},"class_list":["post-85","page","type-page","status-publish","hentry"],"_links":{"self":[{"href":"https:\/\/kks-lu.de\/index.php?rest_route=\/wp\/v2\/pages\/85","targetHints":{"allow":["GET"]}}],"collection":[{"href":"https:\/\/kks-lu.de\/index.php?rest_route=\/wp\/v2\/pages"}],"about":[{"href":"https:\/\/kks-lu.de\/index.php?rest_route=\/wp\/v2\/types\/page"}],"author":[{"embeddable":true,"href":"https:\/\/kks-lu.de\/index.php?rest_route=\/wp\/v2\/users\/1"}],"replies":[{"embeddable":true,"href":"https:\/\/kks-lu.de\/index.php?rest_route=%2Fwp%2Fv2%2Fcomments&post=85"}],"version-history":[{"count":12,"href":"https:\/\/kks-lu.de\/index.php?rest_route=\/wp\/v2\/pages\/85\/revisions"}],"predecessor-version":[{"id":2120,"href":"https:\/\/kks-lu.de\/index.php?rest_route=\/wp\/v2\/pages\/85\/revisions\/2120"}],"wp:attachment":[{"href":"https:\/\/kks-lu.de\/index.php?rest_route=%2Fwp%2Fv2%2Fmedia&parent=85"}],"curies":[{"name":"wp","href":"https:\/\/api.w.org\/{rel}","templated":true}]}}